{"id":9844,"date":"2024-12-06T13:33:26","date_gmt":"2024-12-06T16:33:26","guid":{"rendered":"https:\/\/bioimplante.com.br\/certificaciones\/"},"modified":"2025-12-01T09:27:11","modified_gmt":"2025-12-01T12:27:11","slug":"certificaciones","status":"publish","type":"page","link":"https:\/\/bioimplante.com.br\/es\/certificaciones\/","title":{"rendered":"Certificaciones"},"content":{"rendered":"\t\t<div data-elementor-type=\"wp-page\" data-elementor-id=\"9844\" class=\"elementor elementor-9844 elementor-8434\" data-elementor-post-type=\"page\">\n\t\t\t\t\t\t<section data-particle_enable=\"false\" data-particle-mobile-disabled=\"false\" class=\"elementor-section elementor-top-section elementor-element elementor-element-e6d696f elementor-section-content-middle elementor-section-boxed elementor-section-height-default elementor-section-height-default\" data-id=\"e6d696f\" data-element_type=\"section\" data-e-type=\"section\" data-settings=\"{&quot;wdt_bg_image&quot;:{&quot;url&quot;:&quot;&quot;,&quot;id&quot;:&quot;&quot;,&quot;size&quot;:&quot;&quot;},&quot;wdt_bg_image_tablet&quot;:{&quot;url&quot;:&quot;&quot;,&quot;id&quot;:&quot;&quot;,&quot;size&quot;:&quot;&quot;},&quot;wdt_bg_image_mobile&quot;:{&quot;url&quot;:&quot;&quot;,&quot;id&quot;:&quot;&quot;,&quot;size&quot;:&quot;&quot;},&quot;wdt_bg_position&quot;:&quot;center center&quot;,&quot;wdt_animation_effect&quot;:&quot;none&quot;}\">\n\t\t\t\t\t\t<div class=\"elementor-container elementor-column-gap-default\">\n\t\t\t\t\t<div class=\"elementor-column elementor-col-100 elementor-top-column elementor-element elementor-element-bba1e56\" data-id=\"bba1e56\" data-element_type=\"column\" data-e-type=\"column\">\n\t\t\t<div class=\"elementor-widget-wrap elementor-element-populated\">\n\t\t\t\t\t\t<div class=\"elementor-element elementor-element-556e2ef elementor-widget__width-initial elementor-widget elementor-widget-image\" data-id=\"556e2ef\" data-element_type=\"widget\" data-e-type=\"widget\" data-settings=\"{&quot;wdt_animation_effect&quot;:&quot;none&quot;}\" data-widget_type=\"image.default\">\n\t\t\t\t<div class=\"elementor-widget-container\">\n\t\t\t\t\t\t\t\t\t\t\t\t\t\t\t<img fetchpriority=\"high\" decoding=\"async\" width=\"1024\" height=\"289\" src=\"https:\/\/bioimplante.com.br\/wp-content\/uploads\/2024\/12\/certificacoes-2021-1024x289-1.png\" class=\"attachment-large size-large wp-image-9847\" alt=\"certificaciones 2021 1024x289 1\" srcset=\"https:\/\/bioimplante.com.br\/wp-content\/uploads\/2024\/12\/certificacoes-2021-1024x289-1.png 1024w, https:\/\/bioimplante.com.br\/wp-content\/uploads\/2024\/12\/certificacoes-2021-1024x289-1-300x85.png 300w, https:\/\/bioimplante.com.br\/wp-content\/uploads\/2024\/12\/certificacoes-2021-1024x289-1-768x217.png 768w, https:\/\/bioimplante.com.br\/wp-content\/uploads\/2024\/12\/certificacoes-2021-1024x289-1-1000x282.png 1000w\" sizes=\"(max-width: 1024px) 100vw, 1024px\" \/>\t\t\t\t\t\t\t\t\t\t\t\t\t\t\t<\/div>\n\t\t\t\t<\/div>\n\t\t\t\t<div class=\"elementor-element elementor-element-8e41def elementor-widget elementor-widget-text-editor\" data-id=\"8e41def\" data-element_type=\"widget\" data-e-type=\"widget\" data-settings=\"{&quot;wdt_animation_effect&quot;:&quot;none&quot;}\" data-widget_type=\"text-editor.default\">\n\t\t\t\t<div class=\"elementor-widget-container\">\n\t\t\t\t\t\t\t\t\t<section class=\"sh-section sh-section-4cf04d4b49bea83ba9c03e45dd8eac34 fw-main-row sh-section-visibility-everywhere\"><div class=\"sh-section-container container section-justify-height\"><div class=\"fw-row\"><div class=\"sh-column sh-column-49597c5c2587ff131108961563ec0297 fw-col-xs-12 text-justify\"><div class=\"sh-column-wrapper\"><div id=\"text-block-f58c640130a51db31ed4a8fd0d6368cb\" class=\"sh-text-block\"><p class=\"p1\">Tantos cuidados, estudios y responsabilidad nos han otorgado importantes certificaciones en pr\u00e1cticas de fabricaci\u00f3n (<strong>BPF Anvisa<\/strong>), gesti\u00f3n de la calidad (<strong>ISO 13845<\/strong>) y certificaciones para comercializaci\u00f3n en el extranjero, como el marcado <strong>CE<\/strong> (MDD 93\/42\/EEC), <strong>TGA<\/strong> (Australia) entre otros.<\/p><\/div><\/div><\/div><\/div><\/div><\/section><section class=\"sh-section sh-section-2367dd01b0147af561a205036f6f4a6f fw-main-row sh-section-visibility-everywhere\"><div class=\"sh-section-container container\"><div class=\"fw-row\"><div class=\"sh-column sh-column-cd7d1d4463daf18379f5d221f9653ccb fw-col-xs-12\"><div class=\"sh-column-wrapper\"><div id=\"divider-17c463a5e6ff570caee4d00285dfe8d1\" class=\"sh-divider sh-divider-center sh-divider-content-title_option\"> <\/div><\/div><\/div><\/div><\/div><\/section>\t\t\t\t\t\t\t\t<\/div>\n\t\t\t\t<\/div>\n\t\t\t\t\t<\/div>\n\t\t<\/div>\n\t\t\t\t\t<\/div>\n\t\t<\/section>\n\t\t\t\t<section data-particle_enable=\"false\" data-particle-mobile-disabled=\"false\" class=\"elementor-section elementor-top-section elementor-element elementor-element-b6cad12 elementor-section-boxed elementor-section-height-default elementor-section-height-default\" data-id=\"b6cad12\" data-element_type=\"section\" data-e-type=\"section\" data-settings=\"{&quot;wdt_bg_image&quot;:{&quot;url&quot;:&quot;&quot;,&quot;id&quot;:&quot;&quot;,&quot;size&quot;:&quot;&quot;},&quot;wdt_bg_image_tablet&quot;:{&quot;url&quot;:&quot;&quot;,&quot;id&quot;:&quot;&quot;,&quot;size&quot;:&quot;&quot;},&quot;wdt_bg_image_mobile&quot;:{&quot;url&quot;:&quot;&quot;,&quot;id&quot;:&quot;&quot;,&quot;size&quot;:&quot;&quot;},&quot;wdt_bg_position&quot;:&quot;center center&quot;,&quot;wdt_animation_effect&quot;:&quot;none&quot;}\">\n\t\t\t\t\t\t<div class=\"elementor-container elementor-column-gap-default\">\n\t\t\t\t\t<div class=\"elementor-column elementor-col-33 elementor-top-column elementor-element elementor-element-dd5ef70\" data-id=\"dd5ef70\" data-element_type=\"column\" data-e-type=\"column\">\n\t\t\t<div class=\"elementor-widget-wrap elementor-element-populated\">\n\t\t\t\t\t\t<div class=\"elementor-element elementor-element-a57bbdf elementor-widget elementor-widget-image\" data-id=\"a57bbdf\" data-element_type=\"widget\" data-e-type=\"widget\" data-settings=\"{&quot;wdt_animation_effect&quot;:&quot;none&quot;}\" data-widget_type=\"image.default\">\n\t\t\t\t<div class=\"elementor-widget-container\">\n\t\t\t\t\t\t\t\t\t\t\t\t\t\t\t<img decoding=\"async\" width=\"1024\" height=\"1024\" src=\"https:\/\/bioimplante.com.br\/wp-content\/uploads\/2024\/12\/Logotipo_13845_1-1024x1024-1.jpg\" class=\"attachment-large size-large wp-image-9850\" alt=\"Logotipo 13845 1 1024x1024 1\" srcset=\"https:\/\/bioimplante.com.br\/wp-content\/uploads\/2024\/12\/Logotipo_13845_1-1024x1024-1.jpg 1024w, https:\/\/bioimplante.com.br\/wp-content\/uploads\/2024\/12\/Logotipo_13845_1-1024x1024-1-300x300.jpg 300w, https:\/\/bioimplante.com.br\/wp-content\/uploads\/2024\/12\/Logotipo_13845_1-1024x1024-1-150x150.jpg 150w, https:\/\/bioimplante.com.br\/wp-content\/uploads\/2024\/12\/Logotipo_13845_1-1024x1024-1-768x768.jpg 768w, https:\/\/bioimplante.com.br\/wp-content\/uploads\/2024\/12\/Logotipo_13845_1-1024x1024-1-1000x1000.jpg 1000w, https:\/\/bioimplante.com.br\/wp-content\/uploads\/2024\/12\/Logotipo_13845_1-1024x1024-1-100x100.jpg 100w, https:\/\/bioimplante.com.br\/wp-content\/uploads\/2024\/12\/Logotipo_13845_1-1024x1024-1-50x50.jpg 50w\" sizes=\"(max-width: 1024px) 100vw, 1024px\" \/>\t\t\t\t\t\t\t\t\t\t\t\t\t\t\t<\/div>\n\t\t\t\t<\/div>\n\t\t\t\t\t<\/div>\n\t\t<\/div>\n\t\t\t\t<div class=\"elementor-column elementor-col-33 elementor-top-column elementor-element elementor-element-8d0d148\" data-id=\"8d0d148\" data-element_type=\"column\" data-e-type=\"column\">\n\t\t\t<div class=\"elementor-widget-wrap elementor-element-populated\">\n\t\t\t\t\t\t<div class=\"elementor-element elementor-element-e04a991 elementor-widget elementor-widget-image\" data-id=\"e04a991\" data-element_type=\"widget\" data-e-type=\"widget\" data-settings=\"{&quot;wdt_animation_effect&quot;:&quot;none&quot;}\" data-widget_type=\"image.default\">\n\t\t\t\t<div class=\"elementor-widget-container\">\n\t\t\t\t\t\t\t\t\t\t\t\t\t\t\t<img decoding=\"async\" width=\"1024\" height=\"1024\" src=\"https:\/\/bioimplante.com.br\/wp-content\/uploads\/2024\/12\/Logotipo_MDD_1-1024x1024-1.jpg\" class=\"attachment-large size-large wp-image-9852\" alt=\"Logotipo MDD 1 1024x1024 1\" srcset=\"https:\/\/bioimplante.com.br\/wp-content\/uploads\/2024\/12\/Logotipo_MDD_1-1024x1024-1.jpg 1024w, https:\/\/bioimplante.com.br\/wp-content\/uploads\/2024\/12\/Logotipo_MDD_1-1024x1024-1-300x300.jpg 300w, https:\/\/bioimplante.com.br\/wp-content\/uploads\/2024\/12\/Logotipo_MDD_1-1024x1024-1-150x150.jpg 150w, https:\/\/bioimplante.com.br\/wp-content\/uploads\/2024\/12\/Logotipo_MDD_1-1024x1024-1-768x768.jpg 768w, https:\/\/bioimplante.com.br\/wp-content\/uploads\/2024\/12\/Logotipo_MDD_1-1024x1024-1-1000x1000.jpg 1000w, https:\/\/bioimplante.com.br\/wp-content\/uploads\/2024\/12\/Logotipo_MDD_1-1024x1024-1-100x100.jpg 100w, https:\/\/bioimplante.com.br\/wp-content\/uploads\/2024\/12\/Logotipo_MDD_1-1024x1024-1-50x50.jpg 50w\" sizes=\"(max-width: 1024px) 100vw, 1024px\" \/>\t\t\t\t\t\t\t\t\t\t\t\t\t\t\t<\/div>\n\t\t\t\t<\/div>\n\t\t\t\t\t<\/div>\n\t\t<\/div>\n\t\t\t\t<div class=\"elementor-column elementor-col-33 elementor-top-column elementor-element elementor-element-10aab84\" data-id=\"10aab84\" data-element_type=\"column\" data-e-type=\"column\">\n\t\t\t<div class=\"elementor-widget-wrap elementor-element-populated\">\n\t\t\t\t\t\t<div class=\"elementor-element elementor-element-041002c elementor-widget elementor-widget-image\" data-id=\"041002c\" data-element_type=\"widget\" data-e-type=\"widget\" data-settings=\"{&quot;wdt_animation_effect&quot;:&quot;none&quot;}\" data-widget_type=\"image.default\">\n\t\t\t\t<div class=\"elementor-widget-container\">\n\t\t\t\t\t\t\t\t\t\t\t\t\t\t\t<img loading=\"lazy\" decoding=\"async\" width=\"1024\" height=\"1024\" src=\"https:\/\/bioimplante.com.br\/wp-content\/uploads\/2024\/12\/Logotipo_BPF_1-1024x1024-1.jpg\" class=\"attachment-large size-large wp-image-9853\" alt=\"Logotipo BPF 1 1024x1024 1\" srcset=\"https:\/\/bioimplante.com.br\/wp-content\/uploads\/2024\/12\/Logotipo_BPF_1-1024x1024-1.jpg 1024w, https:\/\/bioimplante.com.br\/wp-content\/uploads\/2024\/12\/Logotipo_BPF_1-1024x1024-1-300x300.jpg 300w, https:\/\/bioimplante.com.br\/wp-content\/uploads\/2024\/12\/Logotipo_BPF_1-1024x1024-1-150x150.jpg 150w, https:\/\/bioimplante.com.br\/wp-content\/uploads\/2024\/12\/Logotipo_BPF_1-1024x1024-1-768x768.jpg 768w, https:\/\/bioimplante.com.br\/wp-content\/uploads\/2024\/12\/Logotipo_BPF_1-1024x1024-1-1000x1000.jpg 1000w, https:\/\/bioimplante.com.br\/wp-content\/uploads\/2024\/12\/Logotipo_BPF_1-1024x1024-1-100x100.jpg 100w, https:\/\/bioimplante.com.br\/wp-content\/uploads\/2024\/12\/Logotipo_BPF_1-1024x1024-1-50x50.jpg 50w\" sizes=\"(max-width: 1024px) 100vw, 1024px\" \/>\t\t\t\t\t\t\t\t\t\t\t\t\t\t\t<\/div>\n\t\t\t\t<\/div>\n\t\t\t\t\t<\/div>\n\t\t<\/div>\n\t\t\t\t\t<\/div>\n\t\t<\/section>\n\t\t\t\t<section data-particle_enable=\"false\" data-particle-mobile-disabled=\"false\" class=\"elementor-section elementor-top-section elementor-element elementor-element-d69cae8 elementor-section-boxed elementor-section-height-default elementor-section-height-default\" data-id=\"d69cae8\" data-element_type=\"section\" data-e-type=\"section\" data-settings=\"{&quot;wdt_bg_image&quot;:{&quot;url&quot;:&quot;&quot;,&quot;id&quot;:&quot;&quot;,&quot;size&quot;:&quot;&quot;},&quot;wdt_bg_image_tablet&quot;:{&quot;url&quot;:&quot;&quot;,&quot;id&quot;:&quot;&quot;,&quot;size&quot;:&quot;&quot;},&quot;wdt_bg_image_mobile&quot;:{&quot;url&quot;:&quot;&quot;,&quot;id&quot;:&quot;&quot;,&quot;size&quot;:&quot;&quot;},&quot;wdt_bg_position&quot;:&quot;center center&quot;,&quot;wdt_animation_effect&quot;:&quot;none&quot;}\">\n\t\t\t\t\t\t<div class=\"elementor-container elementor-column-gap-default\">\n\t\t\t\t\t<div class=\"elementor-column elementor-col-100 elementor-top-column elementor-element elementor-element-977d074\" data-id=\"977d074\" data-element_type=\"column\" data-e-type=\"column\">\n\t\t\t<div class=\"elementor-widget-wrap elementor-element-populated\">\n\t\t\t\t\t\t<div class=\"elementor-element elementor-element-6b61efc elementor-widget elementor-widget-text-editor\" data-id=\"6b61efc\" data-element_type=\"widget\" data-e-type=\"widget\" data-settings=\"{&quot;wdt_animation_effect&quot;:&quot;none&quot;}\" data-widget_type=\"text-editor.default\">\n\t\t\t\t<div class=\"elementor-widget-container\">\n\t\t\t\t\t\t\t\t\t<p>Orgullo de <strong>ser brasile\u00f1a.<\/strong><\/p>\t\t\t\t\t\t\t\t<\/div>\n\t\t\t\t<\/div>\n\t\t\t\t<div class=\"elementor-element elementor-element-cbdcd3f elementor-widget elementor-widget-image\" data-id=\"cbdcd3f\" data-element_type=\"widget\" data-e-type=\"widget\" data-settings=\"{&quot;wdt_animation_effect&quot;:&quot;none&quot;}\" data-widget_type=\"image.default\">\n\t\t\t\t<div class=\"elementor-widget-container\">\n\t\t\t\t\t\t\t\t\t\t\t\t\t\t\t<img loading=\"lazy\" decoding=\"async\" width=\"1024\" height=\"660\" src=\"https:\/\/bioimplante.com.br\/wp-content\/uploads\/2024\/10\/freepik__enhance__40989-1024x660.png\" class=\"attachment-large size-large wp-image-9683\" alt=\"freepik enhance 40989\" srcset=\"https:\/\/bioimplante.com.br\/wp-content\/uploads\/2024\/10\/freepik__enhance__40989-1024x660.png 1024w, https:\/\/bioimplante.com.br\/wp-content\/uploads\/2024\/10\/freepik__enhance__40989-300x193.png 300w, https:\/\/bioimplante.com.br\/wp-content\/uploads\/2024\/10\/freepik__enhance__40989-768x495.png 768w, https:\/\/bioimplante.com.br\/wp-content\/uploads\/2024\/10\/freepik__enhance__40989-1536x990.png 1536w, https:\/\/bioimplante.com.br\/wp-content\/uploads\/2024\/10\/freepik__enhance__40989-1000x645.png 1000w, https:\/\/bioimplante.com.br\/wp-content\/uploads\/2024\/10\/freepik__enhance__40989.png 2048w\" sizes=\"(max-width: 1024px) 100vw, 1024px\" \/>\t\t\t\t\t\t\t\t\t\t\t\t\t\t\t<\/div>\n\t\t\t\t<\/div>\n\t\t\t\t\t<\/div>\n\t\t<\/div>\n\t\t\t\t\t<\/div>\n\t\t<\/section>\n\t\t\t\t<\/div>\n\t\t","protected":false},"excerpt":{"rendered":"<p>Tantos cuidados, estudios y responsabilidad nos han otorgado importantes certificaciones en pr\u00e1cticas de fabricaci\u00f3n (BPF Anvisa), gesti\u00f3n de la calidad (ISO 13845) y certificaciones para comercializaci\u00f3n en el extranjero, como el marcado CE (MDD 93\/42\/EEC), TGA (Australia) entre otros. Orgullo de ser brasile\u00f1a.<\/p>\n","protected":false},"author":2,"featured_media":0,"parent":0,"menu_order":0,"comment_status":"closed","ping_status":"closed","template":"elementor_header_footer","meta":{"footnotes":""},"class_list":["post-9844","page","type-page","status-publish","hentry"],"_links":{"self":[{"href":"https:\/\/bioimplante.com.br\/es\/wp-json\/wp\/v2\/pages\/9844","targetHints":{"allow":["GET"]}}],"collection":[{"href":"https:\/\/bioimplante.com.br\/es\/wp-json\/wp\/v2\/pages"}],"about":[{"href":"https:\/\/bioimplante.com.br\/es\/wp-json\/wp\/v2\/types\/page"}],"author":[{"embeddable":true,"href":"https:\/\/bioimplante.com.br\/es\/wp-json\/wp\/v2\/users\/2"}],"replies":[{"embeddable":true,"href":"https:\/\/bioimplante.com.br\/es\/wp-json\/wp\/v2\/comments?post=9844"}],"version-history":[{"count":1,"href":"https:\/\/bioimplante.com.br\/es\/wp-json\/wp\/v2\/pages\/9844\/revisions"}],"predecessor-version":[{"id":9854,"href":"https:\/\/bioimplante.com.br\/es\/wp-json\/wp\/v2\/pages\/9844\/revisions\/9854"}],"wp:attachment":[{"href":"https:\/\/bioimplante.com.br\/es\/wp-json\/wp\/v2\/media?parent=9844"}],"curies":[{"name":"wp","href":"https:\/\/api.w.org\/{rel}","templated":true}]}}